{"id":327,"date":"2022-01-21T11:29:52","date_gmt":"2022-01-21T11:29:52","guid":{"rendered":"https:\/\/www.inversionesynegociosconecta.com\/conecta\/?page_id=327"},"modified":"2023-05-21T13:53:31","modified_gmt":"2023-05-21T13:53:31","slug":"sign-in","status":"publish","type":"page","link":"https:\/\/www.inversionesynegociosconecta.com\/conecta\/sign-in\/","title":{"rendered":"Sign in"},"content":{"rendered":"\t\t<div data-elementor-type=\"wp-page\" data-elementor-id=\"327\" class=\"elementor elementor-327\">\n\t\t\t\t\t\t<section class=\"elementor-section elementor-top-section elementor-element elementor-element-fe0d459 elementor-section-full_width elementor-hidden-mobile elementor-section-height-default elementor-section-height-default\" data-id=\"fe0d459\" data-element_type=\"section\" data-settings=\"{&quot;background_background&quot;:&quot;video&quot;,&quot;background_video_link&quot;:&quot;https:\\\/\\\/www.youtube.com\\\/watch?v=3wVX3SQBxxA&quot;}\">\n\t\t\t\t\t\t\t\t<div class=\"elementor-background-video-container elementor-hidden-mobile\">\n\t\t\t\t\t\t\t\t\t\t\t\t\t<div class=\"elementor-background-video-embed\"><\/div>\n\t\t\t\t\t\t\t\t\t\t\t\t<\/div>\n\t\t\t\t\t\t\t\t\t<div class=\"elementor-background-overlay\"><\/div>\n\t\t\t\t\t\t\t<div class=\"elementor-container elementor-column-gap-no\">\n\t\t\t\t\t<div class=\"elementor-column elementor-col-100 elementor-top-column elementor-element elementor-element-a9a1292\" data-id=\"a9a1292\" data-element_type=\"column\" data-settings=\"{&quot;background_background&quot;:&quot;slideshow&quot;,&quot;background_slideshow_gallery&quot;:[],&quot;background_slideshow_loop&quot;:&quot;yes&quot;,&quot;background_slideshow_slide_duration&quot;:5000,&quot;background_slideshow_slide_transition&quot;:&quot;fade&quot;,&quot;background_slideshow_transition_duration&quot;:500}\">\n\t\t\t<div class=\"elementor-widget-wrap elementor-element-populated\">\n\t\t\t\t\t\t<div class=\"elementor-element elementor-element-e8e22cb elementor-widget elementor-widget-servento_element_authentication\" data-id=\"e8e22cb\" data-element_type=\"widget\" data-widget_type=\"servento_element_authentication.default\">\n\t\t\t\t<div class=\"elementor-widget-container\">\n\t\t\t\t\t\t\t\t<div class=\"tb-sc-shortcode wt-haslayout\">\r\n\t\t\t\t\t\t<div class=\"sv-loginconatiner sv-signup-wrapper\">\r\n            <div class=\"sv-popupcontainer\">\r\n            \t\t\t\t\t<div class=\"sv-login_title\">\r\n\t\t\t\t\t\t<a href=\"https:\/\/www.inversionesynegociosconecta.com\/conecta\/\"><img decoding=\"async\" src=\"https:\/\/www.inversionesynegociosconecta.com\/conecta\/wp-content\/uploads\/2023\/04\/logo-iync-1024x481-black.fw_.png\" alt=\"Login\"><\/a>\t\t\t\t\t\t<h5>Bienvenido a la Plataforma que Conecta los Negocios y Servicios<\/h5>\t\t\t\t\t<\/div>\r\n\t\t\t\t                <div class=\"sv-login-content\">\r\n                    <form class=\"sv-themeform sv-login-form\">\r\n                        <fieldset>\r\n                            <div class=\"sv-themeform__wrap\">\r\n                                <div class=\"form-group\">\r\n                                    <label class=\"sv-label\">Email<\/label>\r\n                                    <div class=\"sv-placeholderholder\">\r\n                                        <input type=\"email\" name=\"login[username]\"class=\"form-control sv-form-input\" placeholder=\"Ingrese su Email\" required=\"required\">\r\n                                    <\/div>\r\n                                <\/div>\r\n                                <div class=\"form-group sv-eyeicon\">\r\n                                    <label class=\"sv-label\">Password<\/label>\r\n                                    <div class=\"sv-placeholderholder\">\r\n                                        <input type=\"password\" name=\"login[password]\" id=\"sv-passwordinput\" class=\"form-control sv-form-input\" placeholder=\"Enter password\" required=\"required\">\r\n                                        <span class=\"sv-showpassword\"><i class=\"icon-eye\"><\/i><\/span>\r\n                                    <\/div>\r\n                                <\/div>\r\n                                <div class=\"form-group\">\r\n                                    <button type=\"submit\" name=\"submit\" class=\"sv-pb-lg w-100 sv-user-login\"> <span>Inicia sesi\u00f3n ahora<\/span><i class=\"icon-arrow-right\"><\/i><\/button>\r\n                                <\/div>\r\n                                \t\t\t\t\t\t\t\t                                    <div class=\"form-group sv-lost-password\">\r\n                                        <a href=\"https:\/\/www.inversionesynegociosconecta.com\/conecta\/signup\/\">Reg\u00edstrate Aqu\u00ed hoy<\/a>                                        <a href=\"https:\/\/www.inversionesynegociosconecta.com\/conecta\/forgot-password\/\" class=\"sv-password-clr_light sv-lost-password-activate\">\u00bfContrase\u00f1a perdida?<\/a>                                    <\/div>\r\n                                                            <\/div>\r\n                        <\/fieldset>\r\n                    <\/form>\r\n                <\/div>\r\n            <\/div>\r\n        <\/div>        \r\n\t\t<script type=\"text\/template\" id=\"tmpl-sv-social-user-type\">\r\n    <div class=\"modal-header\">\r\n        <h5>Choose user type<\/h5>\r\n        <a href=\"javascript:void(0);\" class=\"sv-close\" type=\"button\" data-bs-dismiss=\"modal\" aria-label=\"Close\"><i class=\"icon-x\"><\/i><\/a>\r\n    <\/div>\r\n    <div class=\"modal-body\">\r\n        <form class=\"sv-themeform\">\r\n            <fieldset>\r\n                <div class=\"sv-themeform__wrap\">\r\n                    <div class=\"form-group registration-user-type\">\r\n                        <div class=\"sv-check sv-radiosm\">\r\n                            <input id=\"usertype_seeker\" class=\"sv-usertype-radio\" type=\"radio\" name=\"choose_usertype\" value=\"seeker\">\r\n                            <label for=\"usertype_seeker\">Buscador de Negocios<\/label>\r\n                        <\/div>\r\n                        <div class=\"sv-check sv-radiosm\">\r\n                            <input id=\"usertype_provider\" class=\"sv-usertype-radio\" type=\"radio\" name=\"choose_usertype\" value=\"provider\">\r\n                            <label for=\"usertype_provider\">Empresa<\/label>\r\n                        <\/div>\r\n                    <\/div>\r\n                    <input type=\"hidden\" id=\"social-userdetail\" name=\"social_userdetail\" value=\"{{data.userData}}\">\r\n                <\/div>\r\n            <\/fieldset>\r\n        <\/form>\r\n    <\/div>\r\n<\/script>\t\t\t<\/div>\r\n\t\t\t\t\t\t\t<\/div>\n\t\t\t\t<\/div>\n\t\t\t\t\t<\/div>\n\t\t<\/div>\n\t\t\t\t\t<\/div>\n\t\t<\/section>\n\t\t\t\t<section class=\"elementor-section elementor-top-section elementor-element elementor-element-6ad04d8 elementor-section-full_width elementor-hidden-desktop elementor-hidden-tablet elementor-section-height-default elementor-section-height-default\" data-id=\"6ad04d8\" data-element_type=\"section\">\n\t\t\t\t\t\t\t<div class=\"elementor-background-overlay\"><\/div>\n\t\t\t\t\t\t\t<div class=\"elementor-container elementor-column-gap-no\">\n\t\t\t\t\t<div class=\"elementor-column elementor-col-100 elementor-top-column elementor-element elementor-element-a34723a\" data-id=\"a34723a\" data-element_type=\"column\" data-settings=\"{&quot;background_background&quot;:&quot;slideshow&quot;,&quot;background_slideshow_gallery&quot;:[],&quot;background_slideshow_loop&quot;:&quot;yes&quot;,&quot;background_slideshow_slide_duration&quot;:5000,&quot;background_slideshow_slide_transition&quot;:&quot;fade&quot;,&quot;background_slideshow_transition_duration&quot;:500}\">\n\t\t\t<div class=\"elementor-widget-wrap elementor-element-populated\">\n\t\t\t\t\t\t<div class=\"elementor-element elementor-element-3817c5e elementor-widget elementor-widget-servento_element_authentication\" data-id=\"3817c5e\" data-element_type=\"widget\" data-widget_type=\"servento_element_authentication.default\">\n\t\t\t\t<div class=\"elementor-widget-container\">\n\t\t\t\t\t\t\t\t<div class=\"tb-sc-shortcode wt-haslayout\">\r\n\t\t\t\t\t\t<div class=\"sv-loginconatiner sv-signup-wrapper\">\r\n            <div class=\"sv-popupcontainer\">\r\n            \t\t\t\t\t<div class=\"sv-login_title\">\r\n\t\t\t\t\t\t<a href=\"https:\/\/www.inversionesynegociosconecta.com\/conecta\/\"><img decoding=\"async\" src=\"https:\/\/www.inversionesynegociosconecta.com\/conecta\/wp-content\/uploads\/2023\/04\/logo-iync-1024x481-black.fw_.png\" alt=\"Login\"><\/a>\t\t\t\t\t\t<h5>Bienvenido a la Plataforma que Conecta los Negocios y Servicios<\/h5>\t\t\t\t\t<\/div>\r\n\t\t\t\t                <div class=\"sv-login-content\">\r\n                    <form class=\"sv-themeform sv-login-form\">\r\n                        <fieldset>\r\n                            <div class=\"sv-themeform__wrap\">\r\n                                <div class=\"form-group\">\r\n                                    <label class=\"sv-label\">Email<\/label>\r\n                                    <div class=\"sv-placeholderholder\">\r\n                                        <input type=\"email\" name=\"login[username]\"class=\"form-control sv-form-input\" placeholder=\"Ingrese su Email\" required=\"required\">\r\n                                    <\/div>\r\n                                <\/div>\r\n                                <div class=\"form-group sv-eyeicon\">\r\n                                    <label class=\"sv-label\">Password<\/label>\r\n                                    <div class=\"sv-placeholderholder\">\r\n                                        <input type=\"password\" name=\"login[password]\" id=\"sv-passwordinput\" class=\"form-control sv-form-input\" placeholder=\"Enter password\" required=\"required\">\r\n                                        <span class=\"sv-showpassword\"><i class=\"icon-eye\"><\/i><\/span>\r\n                                    <\/div>\r\n                                <\/div>\r\n                                <div class=\"form-group\">\r\n                                    <button type=\"submit\" name=\"submit\" class=\"sv-pb-lg w-100 sv-user-login\"> <span>Inicia sesi\u00f3n ahora<\/span><i class=\"icon-arrow-right\"><\/i><\/button>\r\n                                <\/div>\r\n                                \t\t\t\t\t\t\t\t                                    <div class=\"form-group sv-lost-password\">\r\n                                        <a href=\"https:\/\/www.inversionesynegociosconecta.com\/conecta\/signup\/\">Reg\u00edstrate Aqu\u00ed hoy<\/a>                                        <a href=\"https:\/\/www.inversionesynegociosconecta.com\/conecta\/forgot-password\/\" class=\"sv-password-clr_light sv-lost-password-activate\">\u00bfContrase\u00f1a perdida?<\/a>                                    <\/div>\r\n                                                            <\/div>\r\n                        <\/fieldset>\r\n                    <\/form>\r\n                <\/div>\r\n            <\/div>\r\n        <\/div>        \r\n\t\t<script type=\"text\/template\" id=\"tmpl-sv-social-user-type\">\r\n    <div class=\"modal-header\">\r\n        <h5>Choose user type<\/h5>\r\n        <a href=\"javascript:void(0);\" class=\"sv-close\" type=\"button\" data-bs-dismiss=\"modal\" aria-label=\"Close\"><i class=\"icon-x\"><\/i><\/a>\r\n    <\/div>\r\n    <div class=\"modal-body\">\r\n        <form class=\"sv-themeform\">\r\n            <fieldset>\r\n                <div class=\"sv-themeform__wrap\">\r\n                    <div class=\"form-group registration-user-type\">\r\n                        <div class=\"sv-check sv-radiosm\">\r\n                            <input id=\"usertype_seeker\" class=\"sv-usertype-radio\" type=\"radio\" name=\"choose_usertype\" value=\"seeker\">\r\n                            <label for=\"usertype_seeker\">Buscador de Negocios<\/label>\r\n                        <\/div>\r\n                        <div class=\"sv-check sv-radiosm\">\r\n                            <input id=\"usertype_provider\" class=\"sv-usertype-radio\" type=\"radio\" name=\"choose_usertype\" value=\"provider\">\r\n                            <label for=\"usertype_provider\">Empresa<\/label>\r\n                        <\/div>\r\n                    <\/div>\r\n                    <input type=\"hidden\" id=\"social-userdetail\" name=\"social_userdetail\" value=\"{{data.userData}}\">\r\n                <\/div>\r\n            <\/fieldset>\r\n        <\/form>\r\n    <\/div>\r\n<\/script>\t\t\t<\/div>\r\n\t\t\t\t\t\t\t<\/div>\n\t\t\t\t<\/div>\n\t\t\t\t\t<\/div>\n\t\t<\/div>\n\t\t\t\t\t<\/div>\n\t\t<\/section>\n\t\t\t\t<\/div>\n\t\t","protected":false},"excerpt":{"rendered":"<p>Bienvenido a la Plataforma que Conecta los Negocios y Servicios Email Password Inicia sesi\u00f3n ahora Reg\u00edstrate Aqu\u00ed hoy \u00bfContrase\u00f1a perdida? Bienvenido a<\/p>\n","protected":false},"author":1,"featured_media":0,"parent":0,"menu_order":0,"comment_status":"closed","ping_status":"closed","template":"elementor_canvas","meta":{"footnotes":""},"class_list":["post-327","page","type-page","status-publish","hentry"],"_links":{"self":[{"href":"https:\/\/www.inversionesynegociosconecta.com\/conecta\/wp-json\/wp\/v2\/pages\/327","targetHints":{"allow":["GET"]}}],"collection":[{"href":"https:\/\/www.inversionesynegociosconecta.com\/conecta\/wp-json\/wp\/v2\/pages"}],"about":[{"href":"https:\/\/www.inversionesynegociosconecta.com\/conecta\/wp-json\/wp\/v2\/types\/page"}],"author":[{"embeddable":true,"href":"https:\/\/www.inversionesynegociosconecta.com\/conecta\/wp-json\/wp\/v2\/users\/1"}],"replies":[{"embeddable":true,"href":"https:\/\/www.inversionesynegociosconecta.com\/conecta\/wp-json\/wp\/v2\/comments?post=327"}],"version-history":[{"count":18,"href":"https:\/\/www.inversionesynegociosconecta.com\/conecta\/wp-json\/wp\/v2\/pages\/327\/revisions"}],"predecessor-version":[{"id":9012,"href":"https:\/\/www.inversionesynegociosconecta.com\/conecta\/wp-json\/wp\/v2\/pages\/327\/revisions\/9012"}],"wp:attachment":[{"href":"https:\/\/www.inversionesynegociosconecta.com\/conecta\/wp-json\/wp\/v2\/media?parent=327"}],"curies":[{"name":"wp","href":"https:\/\/api.w.org\/{rel}","templated":true}]}}