{"id":2296,"date":"2022-01-26T12:28:16","date_gmt":"2022-01-26T12:28:16","guid":{"rendered":"https:\/\/www.inversionesynegociosconecta.com\/conecta\/?page_id=2296"},"modified":"2023-05-15T03:07:46","modified_gmt":"2023-05-15T03:07:46","slug":"signup","status":"publish","type":"page","link":"https:\/\/www.inversionesynegociosconecta.com\/conecta\/signup\/","title":{"rendered":"Signup"},"content":{"rendered":"\t\t<div data-elementor-type=\"wp-page\" data-elementor-id=\"2296\" class=\"elementor elementor-2296\">\n\t\t\t\t\t\t<section class=\"elementor-section elementor-top-section elementor-element elementor-element-c6de221 elementor-section-full_width elementor-section-height-default elementor-section-height-default\" data-id=\"c6de221\" data-element_type=\"section\" data-settings=\"{&quot;background_background&quot;:&quot;classic&quot;}\">\n\t\t\t\t\t\t\t<div class=\"elementor-background-overlay\"><\/div>\n\t\t\t\t\t\t\t<div class=\"elementor-container elementor-column-gap-no\">\n\t\t\t\t\t<div class=\"elementor-column elementor-col-100 elementor-top-column elementor-element elementor-element-39958b6\" data-id=\"39958b6\" data-element_type=\"column\" data-settings=\"{&quot;background_background&quot;:&quot;classic&quot;}\">\n\t\t\t<div class=\"elementor-widget-wrap elementor-element-populated\">\n\t\t\t\t\t<div class=\"elementor-background-overlay\"><\/div>\n\t\t\t\t\t\t<div class=\"elementor-element elementor-element-3d2452a elementor-widget elementor-widget-servento_element_authentication\" data-id=\"3d2452a\" data-element_type=\"widget\" data-widget_type=\"servento_element_authentication.default\">\n\t\t\t\t<div class=\"elementor-widget-container\">\n\t\t\t\t\t\t\t\t<div class=\"tb-sc-shortcode wt-haslayout\">\r\n\t\t\t\t\t\t<div class=\"sv-loginconatiner sv-signup-wrapper\">\r\n            <div class=\"sv-popupcontainer\">\r\n                \t\t\t\t\t<div class=\"sv-login_title\">\r\n\t\t\t\t\t\t<a href=\"https:\/\/www.inversionesynegociosconecta.com\/conecta\/\"><img decoding=\"async\" src=\"https:\/\/www.inversionesynegociosconecta.com\/conecta\/wp-content\/uploads\/2023\/04\/logo-iync-1024x481-black.fw_.png\" alt=\"Signup\"><\/a>\t\t\t\t\t\t<h5>Reg\u00edstrate y desbloquea nuevas oportunidades de negocio e inversi\u00f3n con nuestra plataforma de conexi\u00f3n empresarial<\/h5>\r\n\t\t\t\t\t<\/div>\r\n\t\t\t\t                <div class=\"sv-login-content\">\r\n                    <form class=\"sv-themeform sv-signup-form\">\r\n                        <fieldset>\r\n                            <div class=\"sv-themeform__wrap\">\r\n                                <div class=\"form-group\">\r\n                                    <label class=\"sv-label\">First name<\/label>\r\n                                    <div class=\"sv-placeholderholder\">\r\n                                        <input type=\"text\" name=\"registration[fname]\" class=\"form-control sv-form-input\" required=\"required\">\r\n                                        <div class=\"sv-placeholder\">\r\n                                            <span>Enter your first name<\/span>\r\n                                            <em>*<\/em>\r\n                                        <\/div>\r\n                                    <\/div>\r\n                                <\/div>\r\n                                <div class=\"form-group\">\r\n                                    <label class=\"sv-label\">Apellido<\/label>\r\n                                    <div class=\"sv-placeholderholder\">\r\n                                        <input type=\"text\" name=\"registration[lname]\" class=\"form-control sv-form-input\" required=\"required\">\r\n                                        <div class=\"sv-placeholder\">\r\n                                            <span>Ingresa tu apellido<\/span>\r\n                                            <em>*<\/em>\r\n                                        <\/div>\r\n                                    <\/div>\r\n                                <\/div>\r\n                                <div class=\"form-group\">\r\n                                    <label class=\"sv-label\">Email<\/label>\r\n                                    <div class=\"sv-placeholderholder\">\r\n                                        <input type=\"email\" name=\"registration[email]\" class=\"form-control sv-form-input\" placeholder=\"Ingrese su Email\" required=\"required\">\r\n                                    <\/div>\r\n                                <\/div>\r\n                                <div class=\"form-group sv-eyeicon\">\r\n                                    <label class=\"sv-label\">Password<\/label>\r\n                                    <div class=\"sv-placeholderholder\">\r\n                                        <input type=\"password\" name=\"registration[password]\" id=\"sv-passwordinput\" class=\"form-control sv-form-input\" placeholder=\"Enter password\" required=\"required\">\r\n                                        <span class=\"sv-showpassword\"><i class=\"icon-eye\"><\/i><\/span>\r\n                                    <\/div>\r\n                                <\/div>\r\n                                <div class=\"form-group registration-user-type\">\r\n                                    <div class=\"sv-check sv-radiosm\">\r\n                                        <input id=\"user_type_seeker\" type=\"radio\" name=\"registration[user_type]\" value=\"seeker\" checked>\r\n                                        <label for=\"user_type_seeker\">Buscador de Negocios<\/label>\r\n                                    <\/div>\r\n                                    <div class=\"sv-check sv-radiosm\">\r\n                                        <input id=\"user_type_provider\" type=\"radio\" name=\"registration[user_type]\" value=\"provider\">\r\n                                        <label for=\"user_type_provider\">Empresa<\/label>\r\n                                    <\/div>\r\n                                <\/div>\r\n                                <div class=\"form-group\">\r\n                                    <div class=\"sv-check\">\r\n\t\t\t\t\t\t\t\t\t\t<input type=\"hidden\" name=\"registration[terms]\" value=\"\">\r\n\t\t\t\t\t\t\t\t\t\t<input type=\"checkbox\" name=\"registration[terms]\" id=\"sv-terms\" name=\"sv-terms\">\r\n\t\t\t\t\t\t\t\t\t\t<label for=\"sv-terms\">He le\u00eddo y acepto todos los Terms &amp; conditions<\/label>\r\n                                    <\/div>\r\n                                <\/div>\r\n                                <div class=\"form-group\">\r\n                                    <button type=\"submit\" name=\"submit\" class=\"sv-pb-lg w-100 sv-submit-registration\"> <span>Registrarme ahora <\/span><i class=\"icon-arrow-right\"><\/i><\/button>\r\n                                <\/div>\r\n                                \t\t\t\t\t\t\t\t\t\t\t\t\t\t\t\t\t<div class=\"form-group sv-lost-password\">\r\n\t\t\t\t\t\t\t\t\t\t<a href=\"https:\/\/www.inversionesynegociosconecta.com\/conecta\/sign-in\/\">Inicia sesi\u00f3n ya<\/a>\r\n\t\t\t\t\t\t\t\t\t<\/div>\r\n\t\t\t\t\t\t\t\t                            <\/div>\r\n                        <\/fieldset>\r\n                    <\/form>\r\n                <\/div>\r\n            <\/div>\r\n        <\/div>\r\n\t\t<script type=\"text\/template\" id=\"tmpl-sv-social-user-type\">\r\n    <div class=\"modal-header\">\r\n        <h5>Choose user type<\/h5>\r\n        <a href=\"javascript:void(0);\" class=\"sv-close\" type=\"button\" data-bs-dismiss=\"modal\" aria-label=\"Close\"><i class=\"icon-x\"><\/i><\/a>\r\n    <\/div>\r\n    <div class=\"modal-body\">\r\n        <form class=\"sv-themeform\">\r\n            <fieldset>\r\n                <div class=\"sv-themeform__wrap\">\r\n                    <div class=\"form-group registration-user-type\">\r\n                        <div class=\"sv-check sv-radiosm\">\r\n                            <input id=\"usertype_seeker\" class=\"sv-usertype-radio\" type=\"radio\" name=\"choose_usertype\" value=\"seeker\">\r\n                            <label for=\"usertype_seeker\">Buscador de Negocios<\/label>\r\n                        <\/div>\r\n                        <div class=\"sv-check sv-radiosm\">\r\n                            <input id=\"usertype_provider\" class=\"sv-usertype-radio\" type=\"radio\" name=\"choose_usertype\" value=\"provider\">\r\n                            <label for=\"usertype_provider\">Empresa<\/label>\r\n                        <\/div>\r\n                    <\/div>\r\n                    <input type=\"hidden\" id=\"social-userdetail\" name=\"social_userdetail\" value=\"{{data.userData}}\">\r\n                <\/div>\r\n            <\/fieldset>\r\n        <\/form>\r\n    <\/div>\r\n<\/script>\t\t\t<\/div>\r\n\t\t\t\t\t\t\t<\/div>\n\t\t\t\t<\/div>\n\t\t\t\t\t<\/div>\n\t\t<\/div>\n\t\t\t\t\t<\/div>\n\t\t<\/section>\n\t\t\t\t<\/div>\n\t\t","protected":false},"excerpt":{"rendered":"<p>Reg\u00edstrate y desbloquea nuevas oportunidades de negocio e inversi\u00f3n con nuestra plataforma de conexi\u00f3n empresarial First name Enter your first name *<\/p>\n","protected":false},"author":1,"featured_media":0,"parent":0,"menu_order":0,"comment_status":"closed","ping_status":"closed","template":"elementor_canvas","meta":{"footnotes":""},"class_list":["post-2296","page","type-page","status-publish","hentry"],"_links":{"self":[{"href":"https:\/\/www.inversionesynegociosconecta.com\/conecta\/wp-json\/wp\/v2\/pages\/2296","targetHints":{"allow":["GET"]}}],"collection":[{"href":"https:\/\/www.inversionesynegociosconecta.com\/conecta\/wp-json\/wp\/v2\/pages"}],"about":[{"href":"https:\/\/www.inversionesynegociosconecta.com\/conecta\/wp-json\/wp\/v2\/types\/page"}],"author":[{"embeddable":true,"href":"https:\/\/www.inversionesynegociosconecta.com\/conecta\/wp-json\/wp\/v2\/users\/1"}],"replies":[{"embeddable":true,"href":"https:\/\/www.inversionesynegociosconecta.com\/conecta\/wp-json\/wp\/v2\/comments?post=2296"}],"version-history":[{"count":39,"href":"https:\/\/www.inversionesynegociosconecta.com\/conecta\/wp-json\/wp\/v2\/pages\/2296\/revisions"}],"predecessor-version":[{"id":8993,"href":"https:\/\/www.inversionesynegociosconecta.com\/conecta\/wp-json\/wp\/v2\/pages\/2296\/revisions\/8993"}],"wp:attachment":[{"href":"https:\/\/www.inversionesynegociosconecta.com\/conecta\/wp-json\/wp\/v2\/media?parent=2296"}],"curies":[{"name":"wp","href":"https:\/\/api.w.org\/{rel}","templated":true}]}}